{"id":844,"date":"2024-09-30T17:42:45","date_gmt":"2024-09-30T15:42:45","guid":{"rendered":"https:\/\/cocoapp.es\/?page_id=844"},"modified":"2024-12-23T12:13:47","modified_gmt":"2024-12-23T10:13:47","slug":"politica-de-cookies","status":"publish","type":"page","link":"https:\/\/cocoapp.es\/index.php\/politica-de-cookies\/","title":{"rendered":"Pol\u00edtica de cookies"},"content":{"rendered":"\t\t<div data-elementor-type=\"wp-page\" data-elementor-id=\"844\" class=\"elementor elementor-844\" data-elementor-post-type=\"page\">\n\t\t\t\t<div class=\"elementor-element elementor-element-00ef179 e-flex e-con-boxed e-con e-parent\" data-id=\"00ef179\" data-element_type=\"container\" data-settings=\"{&quot;background_background&quot;:&quot;classic&quot;}\">\n\t\t\t\t\t<div class=\"e-con-inner\">\n\t\t\t\t<div class=\"elementor-element elementor-element-7669af7 elementor-widget__width-inherit elementor-widget elementor-widget-shortcode\" data-id=\"7669af7\" data-element_type=\"widget\" data-widget_type=\"shortcode.default\">\n\t\t\t\t<div class=\"elementor-widget-container\">\n\t\t\t\t\t\t\t<div class=\"elementor-shortcode\">\t\t<div data-elementor-type=\"container\" data-elementor-id=\"969\" class=\"elementor elementor-969\" data-elementor-post-type=\"elementor_library\">\n\t\t\t\t<div class=\"elementor-element elementor-element-ef41a63 e-flex e-con-boxed e-con e-parent\" data-id=\"ef41a63\" data-element_type=\"container\">\n\t\t\t\t\t<div class=\"e-con-inner\">\n\t\t<div class=\"elementor-element elementor-element-443103f e-con-full e-flex e-con e-child\" data-id=\"443103f\" data-element_type=\"container\">\n\t\t<div class=\"elementor-element elementor-element-37513e2 e-con-full e-flex e-con e-child\" data-id=\"37513e2\" data-element_type=\"container\">\n\t\t<div class=\"elementor-element elementor-element-62e5ea2 e-con-full e-flex e-con e-child\" data-id=\"62e5ea2\" data-element_type=\"container\">\n\t\t\t\t<div class=\"elementor-element elementor-element-e931757 elementor-widget__width-initial elementor-widget elementor-widget-image\" data-id=\"e931757\" data-element_type=\"widget\" data-widget_type=\"image.default\">\n\t\t\t\t<div class=\"elementor-widget-container\">\n\t\t\t\t\t\t\t\t\t\t\t\t\t\t\t\t<a href=\"https:\/\/cocoapp.es\/\">\n\t\t\t\t\t\t\t<img fetchpriority=\"high\" decoding=\"async\" width=\"320\" height=\"320\" src=\"https:\/\/cocoapp.es\/wp-content\/uploads\/2024\/09\/cocoapp1.png\" class=\"attachment-large size-large wp-image-888\" alt=\"\" srcset=\"https:\/\/cocoapp.es\/wp-content\/uploads\/2024\/09\/cocoapp1.png 320w, https:\/\/cocoapp.es\/wp-content\/uploads\/2024\/09\/cocoapp1-300x300.png 300w, https:\/\/cocoapp.es\/wp-content\/uploads\/2024\/09\/cocoapp1-150x150.png 150w\" sizes=\"(max-width: 320px) 100vw, 320px\" \/>\t\t\t\t\t\t\t\t<\/a>\n\t\t\t\t\t\t\t\t\t\t\t\t\t\t\t<\/div>\n\t\t\t\t<\/div>\n\t\t\t\t<div class=\"elementor-element elementor-element-23db335 elementor-widget elementor-widget-heading\" data-id=\"23db335\" data-element_type=\"widget\" data-widget_type=\"heading.default\">\n\t\t\t\t<div class=\"elementor-widget-container\">\n\t\t\t\t\t<h1 class=\"elementor-heading-title elementor-size-default\"><a href=\"https:\/\/cocoapp.es\/\">CocoApp<\/a><\/h1>\t\t\t\t<\/div>\n\t\t\t\t<\/div>\n\t\t\t\t<\/div>\n\t\t<div class=\"elementor-element elementor-element-f81eb26 e-con-full e-flex e-con e-child\" data-id=\"f81eb26\" data-element_type=\"container\">\n\t\t\t\t<div class=\"elementor-element elementor-element-dc6fb80 elementor-nav-menu__align-end elementor-widget-tablet__width-auto elementor-nav-menu--stretch elementor-widget__width-initial elementor-nav-menu--dropdown-tablet elementor-nav-menu__text-align-aside elementor-nav-menu--toggle elementor-nav-menu--burger elementor-widget elementor-widget-nav-menu\" data-id=\"dc6fb80\" data-element_type=\"widget\" data-settings=\"{&quot;full_width&quot;:&quot;stretch&quot;,&quot;layout&quot;:&quot;horizontal&quot;,&quot;submenu_icon&quot;:{&quot;value&quot;:&quot;&lt;svg class=\\&quot;e-font-icon-svg e-fas-caret-down\\&quot; viewBox=\\&quot;0 0 320 512\\&quot; xmlns=\\&quot;http:\\\/\\\/www.w3.org\\\/2000\\\/svg\\&quot;&gt;&lt;path d=\\&quot;M31.3 192h257.3c17.8 0 26.7 21.5 14.1 34.1L174.1 354.8c-7.8 7.8-20.5 7.8-28.3 0L17.2 226.1C4.6 213.5 13.5 192 31.3 192z\\&quot;&gt;&lt;\\\/path&gt;&lt;\\\/svg&gt;&quot;,&quot;library&quot;:&quot;fa-solid&quot;},&quot;toggle&quot;:&quot;burger&quot;}\" data-widget_type=\"nav-menu.default\">\n\t\t\t\t<div class=\"elementor-widget-container\">\n\t\t\t\t\t\t\t\t<nav aria-label=\"Menu\" class=\"elementor-nav-menu--main elementor-nav-menu__container elementor-nav-menu--layout-horizontal e--pointer-none\">\n\t\t\t\t<ul id=\"menu-1-dc6fb80\" class=\"elementor-nav-menu\"><li class=\"menu-item menu-item-type-post_type menu-item-object-page menu-item-home menu-item-711\"><a href=\"https:\/\/cocoapp.es\/\" class=\"elementor-item\">Home<\/a><\/li>\n<li class=\"menu-item menu-item-type-post_type menu-item-object-page menu-item-924\"><a href=\"https:\/\/cocoapp.es\/index.php\/contacto\/\" class=\"elementor-item\">Contacto<\/a><\/li>\n<\/ul>\t\t\t<\/nav>\n\t\t\t\t\t<div class=\"elementor-menu-toggle\" role=\"button\" tabindex=\"0\" aria-label=\"Menu Toggle\" aria-expanded=\"false\">\n\t\t\t<svg aria-hidden=\"true\" role=\"presentation\" class=\"elementor-menu-toggle__icon--open e-font-icon-svg e-eicon-menu-bar\" viewBox=\"0 0 1000 1000\" xmlns=\"http:\/\/www.w3.org\/2000\/svg\"><path d=\"M104 333H896C929 333 958 304 958 271S929 208 896 208H104C71 208 42 237 42 271S71 333 104 333ZM104 583H896C929 583 958 554 958 521S929 458 896 458H104C71 458 42 487 42 521S71 583 104 583ZM104 833H896C929 833 958 804 958 771S929 708 896 708H104C71 708 42 737 42 771S71 833 104 833Z\"><\/path><\/svg><svg aria-hidden=\"true\" role=\"presentation\" class=\"elementor-menu-toggle__icon--close e-font-icon-svg e-eicon-close\" viewBox=\"0 0 1000 1000\" xmlns=\"http:\/\/www.w3.org\/2000\/svg\"><path d=\"M742 167L500 408 258 167C246 154 233 150 217 150 196 150 179 158 167 167 154 179 150 196 150 212 150 229 154 242 171 254L408 500 167 742C138 771 138 800 167 829 196 858 225 858 254 829L496 587 738 829C750 842 767 846 783 846 800 846 817 842 829 829 842 817 846 804 846 783 846 767 842 750 829 737L588 500 833 258C863 229 863 200 833 171 804 137 775 137 742 167Z\"><\/path><\/svg>\t\t<\/div>\n\t\t\t\t\t<nav class=\"elementor-nav-menu--dropdown elementor-nav-menu__container\" aria-hidden=\"true\">\n\t\t\t\t<ul id=\"menu-2-dc6fb80\" class=\"elementor-nav-menu\"><li class=\"menu-item menu-item-type-post_type menu-item-object-page menu-item-home menu-item-711\"><a href=\"https:\/\/cocoapp.es\/\" class=\"elementor-item\" tabindex=\"-1\">Home<\/a><\/li>\n<li class=\"menu-item menu-item-type-post_type menu-item-object-page menu-item-924\"><a href=\"https:\/\/cocoapp.es\/index.php\/contacto\/\" class=\"elementor-item\" tabindex=\"-1\">Contacto<\/a><\/li>\n<\/ul>\t\t\t<\/nav>\n\t\t\t\t\t\t<\/div>\n\t\t\t\t<\/div>\n\t\t\t\t<div class=\"elementor-element elementor-element-d8ff33f elementor-widget__width-initial elementor-widget elementor-widget-shortcode\" data-id=\"d8ff33f\" data-element_type=\"widget\" data-widget_type=\"shortcode.default\">\n\t\t\t\t<div class=\"elementor-widget-container\">\n\t\t\t\t\t\t\t<div class=\"elementor-shortcode\"><div class=\"gtranslate_wrapper\" id=\"gt-wrapper-57251628\"><\/div><\/div>\n\t\t\t\t\t\t<\/div>\n\t\t\t\t<\/div>\n\t\t\t\t<\/div>\n\t\t\t\t<\/div>\n\t\t\t\t<\/div>\n\t\t\t\t\t<\/div>\n\t\t\t\t<\/div>\n\t\t\t\t<\/div>\n\t\t<\/div>\n\t\t\t\t\t\t<\/div>\n\t\t\t\t<\/div>\n\t\t\t\t\t<\/div>\n\t\t\t\t<\/div>\n\t\t<div class=\"elementor-element elementor-element-69f0a17 e-con-full e-flex e-con e-parent\" data-id=\"69f0a17\" data-element_type=\"container\">\n\t\t<div class=\"elementor-element elementor-element-7197cbd e-con-full e-flex e-con e-child\" data-id=\"7197cbd\" data-element_type=\"container\">\n\t\t\t\t<div class=\"elementor-element elementor-element-01f84fd elementor-widget elementor-widget-heading\" data-id=\"01f84fd\" data-element_type=\"widget\" data-widget_type=\"heading.default\">\n\t\t\t\t<div class=\"elementor-widget-container\">\n\t\t\t\t\t<h2 class=\"elementor-heading-title elementor-size-default\">Pol\u00edtica de cookies<\/h2>\t\t\t\t<\/div>\n\t\t\t\t<\/div>\n\t\t\t\t<div class=\"elementor-element elementor-element-c1aed35 elementor-widget elementor-widget-text-editor\" data-id=\"c1aed35\" data-element_type=\"widget\" data-widget_type=\"text-editor.default\">\n\t\t\t\t<div class=\"elementor-widget-container\">\n\t\t\t\t\t\t\t\t\t<p dir=\"ltr\"><span style=\"color: #3939bf;\"><strong>1. Informaci\u00f3n General<\/strong><\/span><\/p><p dir=\"ltr\"><span style=\"color: #3939bf;\">En Cocoapp valoramos su privacidad y nos comprometemos a proteger sus datos personales. Para su tranquilidad, le informamos que nuestra p\u00e1gina web no utiliza cookies para recopilar informaci\u00f3n sobre los usuarios. Esto significa que no almacenamos ni accedemos a ning\u00fan dato en su dispositivo mientras navega por nuestro sitio.<\/span><\/p><p dir=\"ltr\"><span style=\"color: #3939bf;\"><strong>2. \u00bfQu\u00e9 son las cookies?<\/strong><\/span><\/p><p dir=\"ltr\"><span style=\"color: #3939bf;\">Las cookies son peque\u00f1os archivos de texto que se descargan en su dispositivo (ordenador, m\u00f3vil, tablet) cuando visita ciertos sitios web. Estos archivos suelen ser utilizados para recordar informaci\u00f3n sobre tus visitas, mejorar la experiencia de usuario, personalizar contenidos o permitir el seguimiento de h\u00e1bitos de navegaci\u00f3n.<\/span><\/p><p dir=\"ltr\"><span style=\"color: #3939bf;\"><strong>3. Nuestra pol\u00edtica sobre el uso de cookies<\/strong><\/span><\/p><p dir=\"ltr\"><span style=\"color: #3939bf;\">En Cocoapp, no empleamos cookies de ning\u00fan tipo, ya sean cookies t\u00e9cnicas, de rendimiento, de personalizaci\u00f3n o de terceros, para operar nuestro sitio web o para realizar an\u00e1lisis de navegaci\u00f3n.<\/span><\/p><p dir=\"ltr\"><span style=\"color: #3939bf;\"><strong>4. Servicios externos o enlaces a terceros<\/strong><\/span><\/p><p dir=\"ltr\"><span style=\"color: #3939bf;\">Si bien no utilizamos cookies en nuestro sitio web, es importante se\u00f1alar que nuestro sitio podr\u00eda contener enlaces a p\u00e1ginas web de terceros o servicios externos que s\u00ed podr\u00edan utilizar cookies u otras tecnolog\u00edas de rastreo. Al acceder a estos enlaces, le recomendamos revisar las pol\u00edticas de privacidad y cookies de dichos sitios, ya que Cocoapp no tiene control ni responsabilidad sobre las pr\u00e1cticas de privacidad de terceros.<\/span><\/p><p dir=\"ltr\"><span style=\"color: #3939bf;\"><strong>5. Actualizaci\u00f3n de nuestra Pol\u00edtica de Cookies<\/strong><\/span><\/p><p dir=\"ltr\"><span style=\"color: #3939bf;\">Nos reservamos el derecho de modificar esta Pol\u00edtica de Cookies para reflejar posibles cambios en la normativa vigente o en los servicios que ofrecemos. Cualquier actualizaci\u00f3n ser\u00e1 publicada en esta misma p\u00e1gina.<\/span><\/p><p dir=\"ltr\"><span style=\"color: #3939bf;\"><strong>6. Contacto<\/strong><\/span><\/p><p dir=\"ltr\"><span style=\"color: #3939bf;\">Si tiene alguna duda o pregunta sobre nuestra Pol\u00edtica de Cookies o sobre el tratamiento de sus datos personales, puede ponerse en contacto con nosotros a trav\u00e9s de <a id=\"LPlnk339450\" style=\"color: #3939bf;\" href=\"mailto:info@cocoapp.es\" data-linkindex=\"0\">info@cocoapp.es<\/a><\/span><\/p>\t\t\t\t\t\t\t\t<\/div>\n\t\t\t\t<\/div>\n\t\t\t\t<\/div>\n\t\t\t\t<\/div>\n\t\t\t\t<\/div>\n\t\t","protected":false},"excerpt":{"rendered":"<p>Pol\u00edtica de cookies 1. Informaci\u00f3n General En Cocoapp valoramos su privacidad y nos comprometemos a proteger sus datos personales. Para su tranquilidad, le informamos que nuestra p\u00e1gina web no utiliza cookies para recopilar informaci\u00f3n sobre los usuarios. Esto significa que no almacenamos ni accedemos a ning\u00fan dato en su dispositivo mientras navega por nuestro sitio. [&hellip;]<\/p>\n","protected":false},"author":1,"featured_media":0,"parent":0,"menu_order":0,"comment_status":"closed","ping_status":"closed","template":"","meta":{"footnotes":""},"class_list":["post-844","page","type-page","status-publish","hentry"],"_links":{"self":[{"href":"https:\/\/cocoapp.es\/index.php\/wp-json\/wp\/v2\/pages\/844","targetHints":{"allow":["GET"]}}],"collection":[{"href":"https:\/\/cocoapp.es\/index.php\/wp-json\/wp\/v2\/pages"}],"about":[{"href":"https:\/\/cocoapp.es\/index.php\/wp-json\/wp\/v2\/types\/page"}],"author":[{"embeddable":true,"href":"https:\/\/cocoapp.es\/index.php\/wp-json\/wp\/v2\/users\/1"}],"replies":[{"embeddable":true,"href":"https:\/\/cocoapp.es\/index.php\/wp-json\/wp\/v2\/comments?post=844"}],"version-history":[{"count":19,"href":"https:\/\/cocoapp.es\/index.php\/wp-json\/wp\/v2\/pages\/844\/revisions"}],"predecessor-version":[{"id":1172,"href":"https:\/\/cocoapp.es\/index.php\/wp-json\/wp\/v2\/pages\/844\/revisions\/1172"}],"wp:attachment":[{"href":"https:\/\/cocoapp.es\/index.php\/wp-json\/wp\/v2\/media?parent=844"}],"curies":[{"name":"wp","href":"https:\/\/api.w.org\/{rel}","templated":true}]}}