{"id":842,"date":"2024-09-30T17:41:56","date_gmt":"2024-09-30T15:41:56","guid":{"rendered":"https:\/\/cocoapp.es\/?page_id=842"},"modified":"2024-12-23T12:04:03","modified_gmt":"2024-12-23T10:04:03","slug":"politica-de-privacidad","status":"publish","type":"page","link":"https:\/\/cocoapp.es\/index.php\/politica-de-privacidad\/","title":{"rendered":"Pol\u00edtica de privacidad"},"content":{"rendered":"\t\t<div data-elementor-type=\"wp-page\" data-elementor-id=\"842\" class=\"elementor elementor-842\" data-elementor-post-type=\"page\">\n\t\t\t\t<div class=\"elementor-element elementor-element-a024a7d e-flex e-con-boxed e-con e-parent\" data-id=\"a024a7d\" data-element_type=\"container\" data-settings=\"{&quot;background_background&quot;:&quot;classic&quot;}\">\n\t\t\t\t\t<div class=\"e-con-inner\">\n\t\t\t\t<div class=\"elementor-element elementor-element-9a5082f elementor-widget__width-inherit elementor-widget elementor-widget-shortcode\" data-id=\"9a5082f\" data-element_type=\"widget\" data-widget_type=\"shortcode.default\">\n\t\t\t\t<div class=\"elementor-widget-container\">\n\t\t\t\t\t\t\t<div class=\"elementor-shortcode\">\t\t<div data-elementor-type=\"container\" data-elementor-id=\"969\" class=\"elementor elementor-969\" data-elementor-post-type=\"elementor_library\">\n\t\t\t\t<div class=\"elementor-element elementor-element-ef41a63 e-flex e-con-boxed e-con e-parent\" data-id=\"ef41a63\" data-element_type=\"container\">\n\t\t\t\t\t<div class=\"e-con-inner\">\n\t\t<div class=\"elementor-element elementor-element-443103f e-con-full e-flex e-con e-child\" data-id=\"443103f\" data-element_type=\"container\">\n\t\t<div class=\"elementor-element elementor-element-37513e2 e-con-full e-flex e-con e-child\" data-id=\"37513e2\" data-element_type=\"container\">\n\t\t<div class=\"elementor-element elementor-element-62e5ea2 e-con-full e-flex e-con e-child\" data-id=\"62e5ea2\" data-element_type=\"container\">\n\t\t\t\t<div class=\"elementor-element elementor-element-e931757 elementor-widget__width-initial elementor-widget elementor-widget-image\" data-id=\"e931757\" data-element_type=\"widget\" data-widget_type=\"image.default\">\n\t\t\t\t<div class=\"elementor-widget-container\">\n\t\t\t\t\t\t\t\t\t\t\t\t\t\t\t\t<a href=\"https:\/\/cocoapp.es\/\">\n\t\t\t\t\t\t\t<img fetchpriority=\"high\" decoding=\"async\" width=\"320\" height=\"320\" src=\"https:\/\/cocoapp.es\/wp-content\/uploads\/2024\/09\/cocoapp1.png\" class=\"attachment-large size-large wp-image-888\" alt=\"\" srcset=\"https:\/\/cocoapp.es\/wp-content\/uploads\/2024\/09\/cocoapp1.png 320w, https:\/\/cocoapp.es\/wp-content\/uploads\/2024\/09\/cocoapp1-300x300.png 300w, https:\/\/cocoapp.es\/wp-content\/uploads\/2024\/09\/cocoapp1-150x150.png 150w\" sizes=\"(max-width: 320px) 100vw, 320px\" \/>\t\t\t\t\t\t\t\t<\/a>\n\t\t\t\t\t\t\t\t\t\t\t\t\t\t\t<\/div>\n\t\t\t\t<\/div>\n\t\t\t\t<div class=\"elementor-element elementor-element-23db335 elementor-widget elementor-widget-heading\" data-id=\"23db335\" data-element_type=\"widget\" data-widget_type=\"heading.default\">\n\t\t\t\t<div class=\"elementor-widget-container\">\n\t\t\t\t\t<h1 class=\"elementor-heading-title elementor-size-default\"><a href=\"https:\/\/cocoapp.es\/\">CocoApp<\/a><\/h1>\t\t\t\t<\/div>\n\t\t\t\t<\/div>\n\t\t\t\t<\/div>\n\t\t<div class=\"elementor-element elementor-element-f81eb26 e-con-full e-flex e-con e-child\" data-id=\"f81eb26\" data-element_type=\"container\">\n\t\t\t\t<div class=\"elementor-element elementor-element-dc6fb80 elementor-nav-menu__align-end elementor-widget-tablet__width-auto elementor-nav-menu--stretch elementor-widget__width-initial elementor-nav-menu--dropdown-tablet elementor-nav-menu__text-align-aside elementor-nav-menu--toggle elementor-nav-menu--burger elementor-widget elementor-widget-nav-menu\" data-id=\"dc6fb80\" data-element_type=\"widget\" data-settings=\"{&quot;full_width&quot;:&quot;stretch&quot;,&quot;layout&quot;:&quot;horizontal&quot;,&quot;submenu_icon&quot;:{&quot;value&quot;:&quot;&lt;svg class=\\&quot;e-font-icon-svg e-fas-caret-down\\&quot; viewBox=\\&quot;0 0 320 512\\&quot; xmlns=\\&quot;http:\\\/\\\/www.w3.org\\\/2000\\\/svg\\&quot;&gt;&lt;path d=\\&quot;M31.3 192h257.3c17.8 0 26.7 21.5 14.1 34.1L174.1 354.8c-7.8 7.8-20.5 7.8-28.3 0L17.2 226.1C4.6 213.5 13.5 192 31.3 192z\\&quot;&gt;&lt;\\\/path&gt;&lt;\\\/svg&gt;&quot;,&quot;library&quot;:&quot;fa-solid&quot;},&quot;toggle&quot;:&quot;burger&quot;}\" data-widget_type=\"nav-menu.default\">\n\t\t\t\t<div class=\"elementor-widget-container\">\n\t\t\t\t\t\t\t\t<nav aria-label=\"Menu\" class=\"elementor-nav-menu--main elementor-nav-menu__container elementor-nav-menu--layout-horizontal e--pointer-none\">\n\t\t\t\t<ul id=\"menu-1-dc6fb80\" class=\"elementor-nav-menu\"><li class=\"menu-item menu-item-type-post_type menu-item-object-page menu-item-home menu-item-711\"><a href=\"https:\/\/cocoapp.es\/\" class=\"elementor-item\">Home<\/a><\/li>\n<li class=\"menu-item menu-item-type-post_type menu-item-object-page menu-item-924\"><a href=\"https:\/\/cocoapp.es\/index.php\/contacto\/\" class=\"elementor-item\">Contacto<\/a><\/li>\n<\/ul>\t\t\t<\/nav>\n\t\t\t\t\t<div class=\"elementor-menu-toggle\" role=\"button\" tabindex=\"0\" aria-label=\"Menu Toggle\" aria-expanded=\"false\">\n\t\t\t<svg aria-hidden=\"true\" role=\"presentation\" class=\"elementor-menu-toggle__icon--open e-font-icon-svg e-eicon-menu-bar\" viewBox=\"0 0 1000 1000\" xmlns=\"http:\/\/www.w3.org\/2000\/svg\"><path d=\"M104 333H896C929 333 958 304 958 271S929 208 896 208H104C71 208 42 237 42 271S71 333 104 333ZM104 583H896C929 583 958 554 958 521S929 458 896 458H104C71 458 42 487 42 521S71 583 104 583ZM104 833H896C929 833 958 804 958 771S929 708 896 708H104C71 708 42 737 42 771S71 833 104 833Z\"><\/path><\/svg><svg aria-hidden=\"true\" role=\"presentation\" class=\"elementor-menu-toggle__icon--close e-font-icon-svg e-eicon-close\" viewBox=\"0 0 1000 1000\" xmlns=\"http:\/\/www.w3.org\/2000\/svg\"><path d=\"M742 167L500 408 258 167C246 154 233 150 217 150 196 150 179 158 167 167 154 179 150 196 150 212 150 229 154 242 171 254L408 500 167 742C138 771 138 800 167 829 196 858 225 858 254 829L496 587 738 829C750 842 767 846 783 846 800 846 817 842 829 829 842 817 846 804 846 783 846 767 842 750 829 737L588 500 833 258C863 229 863 200 833 171 804 137 775 137 742 167Z\"><\/path><\/svg>\t\t<\/div>\n\t\t\t\t\t<nav class=\"elementor-nav-menu--dropdown elementor-nav-menu__container\" aria-hidden=\"true\">\n\t\t\t\t<ul id=\"menu-2-dc6fb80\" class=\"elementor-nav-menu\"><li class=\"menu-item menu-item-type-post_type menu-item-object-page menu-item-home menu-item-711\"><a href=\"https:\/\/cocoapp.es\/\" class=\"elementor-item\" tabindex=\"-1\">Home<\/a><\/li>\n<li class=\"menu-item menu-item-type-post_type menu-item-object-page menu-item-924\"><a href=\"https:\/\/cocoapp.es\/index.php\/contacto\/\" class=\"elementor-item\" tabindex=\"-1\">Contacto<\/a><\/li>\n<\/ul>\t\t\t<\/nav>\n\t\t\t\t\t\t<\/div>\n\t\t\t\t<\/div>\n\t\t\t\t<div class=\"elementor-element elementor-element-d8ff33f elementor-widget__width-initial elementor-widget elementor-widget-shortcode\" data-id=\"d8ff33f\" data-element_type=\"widget\" data-widget_type=\"shortcode.default\">\n\t\t\t\t<div class=\"elementor-widget-container\">\n\t\t\t\t\t\t\t<div class=\"elementor-shortcode\"><div class=\"gtranslate_wrapper\" id=\"gt-wrapper-78501091\"><\/div><\/div>\n\t\t\t\t\t\t<\/div>\n\t\t\t\t<\/div>\n\t\t\t\t<\/div>\n\t\t\t\t<\/div>\n\t\t\t\t<\/div>\n\t\t\t\t\t<\/div>\n\t\t\t\t<\/div>\n\t\t\t\t<\/div>\n\t\t<\/div>\n\t\t\t\t\t\t<\/div>\n\t\t\t\t<\/div>\n\t\t\t\t\t<\/div>\n\t\t\t\t<\/div>\n\t\t<div class=\"elementor-element elementor-element-6a9ffc8 e-con-full e-flex e-con e-parent\" data-id=\"6a9ffc8\" data-element_type=\"container\">\n\t\t<div class=\"elementor-element elementor-element-0154ef3 e-flex e-con-boxed e-con e-child\" data-id=\"0154ef3\" data-element_type=\"container\">\n\t\t\t\t\t<div class=\"e-con-inner\">\n\t\t\t\t<div class=\"elementor-element elementor-element-68f5a2d elementor-widget elementor-widget-heading\" data-id=\"68f5a2d\" data-element_type=\"widget\" data-widget_type=\"heading.default\">\n\t\t\t\t<div class=\"elementor-widget-container\">\n\t\t\t\t\t<h2 class=\"elementor-heading-title elementor-size-default\">Pol\u00edtica de privacidad<\/h2>\t\t\t\t<\/div>\n\t\t\t\t<\/div>\n\t\t\t\t<div class=\"elementor-element elementor-element-8840620 elementor-widget__width-initial elementor-widget elementor-widget-text-editor\" data-id=\"8840620\" data-element_type=\"widget\" data-widget_type=\"text-editor.default\">\n\t\t\t\t<div class=\"elementor-widget-container\">\n\t\t\t\t\t\t\t\t\t<p align=\"justify\"><span style=\"color: #1155cc;\"><b>Aviso de privacidad para aplicaci\u00f3n de paciente COCOAPP<\/b><\/span><\/p><p align=\"justify\"><span style=\"color: #3c78d8;\">Respetamos su derecho a la privacidad. Este Aviso de Privacidad explica qui\u00e9nes somos, c\u00f3mo recopilamos y procesamos los datos personales sobre usted en relaci\u00f3n con la aplicaci\u00f3n CocoApp (en adelante \u00abApp\u00bb), y c\u00f3mo puede ejercer sus derechos de privacidad.<\/span><\/p><p align=\"justify\"><span style=\"color: #3c78d8;\">Si tiene alguna pregunta o inquietud sobre el uso de sus datos personales, p\u00f3ngase en contacto con nosotros utilizando los datos de contacto proporcionados en la parte inferior de este Aviso de privacidad.<\/span><\/p><p align=\"justify\"><span style=\"color: #3c78d8;\"><b>Titularidad de los datos<\/b><\/span><\/p><p align=\"justify\"><span style=\"color: #3c78d8;\">Los datos de la investigaci\u00f3n pertenecen a la <\/span><span style=\"color: #3c78d8;\"><b>Fundaci\u00f3n de Investigaci\u00f3n Biom\u00e9dica del Hospital 12 de octubre de Madrid (FIBH12O) .<\/b><\/span><\/p><p align=\"justify\"><strong><span style=\"color: #3c78d8;\">Procedimiento previsto para acceso a los mismos (qui\u00e9n, c\u00f3mo y cu\u00e1ndo podr\u00e1 acceder a ellos) y repositorio en que se prev\u00e9 realizar su dep\u00f3sito.<\/span><\/strong><\/p><p align=\"justify\"><span style=\"color: #3c78d8;\"><b>Procedimiento previsto para garantizar los requisitos \u00e9ticos y legales espec\u00edficos de aplicaci\u00f3n.<\/b><\/span><\/p><p align=\"justify\"><span style=\"color: #3c78d8;\">La APP se ha creado para realizar una investigaci\u00f3n cl\u00ednica entre un n\u00famero limitado de pacientes de cardiopat\u00edas cong\u00e9nitas (en adelante -CC-) que muestre cu\u00e1l es el impacto y valor de la utilizaci\u00f3n de una aplicaci\u00f3n m\u00f3vil y una activa participaci\u00f3n del paciente a trav\u00e9s de ella, en la gesti\u00f3n de dicha patolog\u00eda.<\/span><\/p><p align=\"justify\"><span style=\"color: #3c78d8;\">Todas las personas implicadas en la investigaci\u00f3n tienen conocimientos sobre las normas internacionales de Buenas Pr\u00e1cticas Cl\u00ednicas (BPC) que garantizan la seguridad, los derechos y bienestar a los participantes, as\u00ed como la validez y calidad de los datos de la investigaci\u00f3n. <\/span><span style=\"color: #3c78d8;\">Los datos recogidos y almacenados estar\u00e1n debidamente protegidos <\/span><span style=\"color: #3c78d8;\">(solamente el equipo investigador conocer\u00e1 la informaci\u00f3n adicional para identificar de nuevo al participante) respetando lo dispuesto en la Ley Org\u00e1nica 3\/2018, de 5 de diciembre, de Protecci\u00f3n de Datos Personales y Garant\u00eda de los Derechos Digitales, la Ley 14\/2007, de 3 de julio, de Investigaci\u00f3n biom\u00e9dica y la Ley 41\/2002, de 14 de noviembre, b\u00e1sica reguladora de la autonom\u00eda del paciente y de derechos y obligaciones en materia de informaci\u00f3n y documentaci\u00f3n cl\u00ednica.<\/span><\/p><p align=\"justify\"><span style=\"color: #3c78d8;\">La investigaci\u00f3n est\u00e1 cient\u00edficamente justificada y descrita en un protocolo claro y detallado que ha sido presentado al solicitar la pertinente autorizaci\u00f3n y <strong>cuenta con la aprobaci\u00f3n del Comit\u00e9 de \u00c9tica del Instituto de Investigaci\u00f3n del Hospital Universitario 12 de Octubre. (No CEIm 23\/510)<\/strong>.<\/span><\/p><p align=\"justify\"><span style=\"color: #1155cc;\"><b>La Fundaci\u00f3n de Investigaci\u00f3n Biom\u00e9dica del Hospital 12 de octubre de Madrid (FIBH12O) <\/b><\/span><span style=\"color: #1155cc;\">con sede en Avenida de C\u00f3rdoba s\/n, \u00dasera 28041 de Madrid, es el responsable de sus datos personales en el sentido del art\u00edculo 4, apartado 7, del Reglamento (UE) 2016\/679 del Parlamento Europeo y del Consejo, de 27 de abril de 2016 (Reglamento general de protecci\u00f3n de datos &#8211; RG-SID).<\/span><\/p><p align=\"justify\"><span style=\"color: #1155cc;\">Tenga en cuenta que no somos responsables de ning\u00fan dato recopilado y procesado durante la descarga de la App de una tienda de aplicaciones. La tienda de aplicaciones de Apple o Google Play Store de Google. Puede comprobar la nota de privacidad de su respectiva tienda de aplicaciones para obtener m\u00e1s informaci\u00f3n.<\/span><\/p><p align=\"justify\"><span style=\"color: #1155cc;\"><u><b>\u00bfQu\u00e9 datos personales recopilamos y por qu\u00e9?<\/b><\/u><\/span><\/p><p align=\"justify\"><span style=\"color: #1155cc;\">Los datos personales que recopilamos sobre usted se dividen en las siguientes categor\u00edas:<\/span><\/p><p align=\"justify\"><span style=\"color: #1155cc;\"><i><b>Informaci\u00f3n que usted proporciona durante su registro<\/b><\/i><\/span><\/p><p align=\"justify\"><span style=\"color: #1155cc;\">Durante el registro se le pide que proporcione cierta informaci\u00f3n personal. Esto incluye nombre y apellido, n\u00famero de serie del dispositivo, direcci\u00f3n de correo electr\u00f3nico y una contrase\u00f1a elegida.<\/span><\/p><p align=\"justify\"><span style=\"color: #1155cc;\"><i><b>Informaci\u00f3n que usted proporciona o autoriza al aceptar participar en la investigaci\u00f3n<\/b><\/i><\/span><span style=\"color: #1155cc;\"> y a trav\u00e9s del ALTA el la aplicaci\u00f3n como paciente:<\/span><\/p><p align=\"justify\"><span style=\"color: #1155cc;\">Para poder usar la App se requiere previamente que el profesional sanitario cargue en la plataforma web su historial m\u00e9dico con respecto a la patolog\u00eda de CC que va a ser objeto de la investigaci\u00f3n.Esta informaci\u00f3n incluye informaci\u00f3n relacionada con la salud que es informaci\u00f3n personal sensible. Necesitamos esta informaci\u00f3n si desea utilizar todas las funciones de la aplicaci\u00f3n. Le pedimos por separado durante su registro su consentimiento con respecto al uso de dicha informaci\u00f3n (relacionada con la salud) con el prop\u00f3sito de proporcionarle la aplicaci\u00f3n.<\/span><\/p><p align=\"justify\"><span style=\"color: #1155cc;\"><i><b>Informaci\u00f3n que podamos recopilar en funci\u00f3n de su uso de la aplicaci\u00f3n<\/b><\/i><\/span><span style=\"color: #1155cc;\">: El uso de la aplicaci\u00f3n conlleva la transmisi\u00f3n de la informaci\u00f3n que usted de manera expresa o automatizada ingrese (por ejemplo, datos de s\u00edntomas) as\u00ed como la recepci\u00f3n de informaci\u00f3n y datos. <\/span><\/p><p align=\"justify\"><span style=\"color: #1155cc;\">Tenga en cuenta que con respecto a los servicios proporcionados por la APP, que siendo los datos de salud una parte importante de esa informaci\u00f3n bidireccional as\u00edncrona paciente-investigador y si bien la APP s\u00f3lo act\u00faa como mero procesador, con el fin de asegurar un adecuado nivel de servicio podremos hacerle preguntas y encuestas sobre la usabilidad y el rendimiento de la aplicaci\u00f3n . <\/span><\/p><p align=\"justify\"><span style=\"color: #1155cc;\"><i><b>Informaci\u00f3n que recopilamos autom\u00e1ticamente<\/b><\/i><\/span><\/p><p align=\"justify\"><span style=\"color: #1155cc;\">Cuando usa nuestra aplicaci\u00f3n, recopilamos cierta informaci\u00f3n autom\u00e1ticamente de su dispositivo: el uso de la APP permitir\u00e1 el autorregistro de constantes (tensi\u00f3n arterial, pulsaciones, saturaci\u00f3n de ox\u00edgeno, peso) y s\u00edntomas (dolor tor\u00e1cico, palpitaciones, disnea y grado de disnea seg\u00fan la NYHA, mareo, sincope, edemas, otros) mediante volcado autom\u00e1tico desde el dispositivo (incluidos wearables) o introducci\u00f3n manual. <br \/><\/span><\/p><p align=\"justify\"><span style=\"color: #1155cc;\"><u><b>\u00bfPara qu\u00e9 prop\u00f3sito y sobre qu\u00e9 base legal procesamos sus datos personales?<\/b><\/u><\/span><\/p><p align=\"justify\"><span style=\"color: #1155cc;\"><i><b>Procesamos sus datos personales para los siguientes fines<\/b><\/i><\/span><span style=\"color: #1155cc;\">:<\/span><\/p><p align=\"justify\"><span style=\"color: #1155cc;\">Proporcionar la aplicaci\u00f3n y sus funcionalidades a usted. Bases legales: Ejecuci\u00f3n del contrato de acuerdo con nuestros T\u00e9rminos y Condiciones Generales para el Uso de la Aplicaci\u00f3n. Esto afecta a todos los tipos de datos mencionados anteriormente. En caso de procesamiento de datos relacionados con la salud, la base legal ser\u00e1 su consentimiento.<\/span><\/p><p align=\"justify\"><span style=\"color: #1155cc;\">Detectar o prevenir actividades ilegales. Base jur\u00eddica: inter\u00e9s leg\u00edtimo que es protegernos a nosotros y a nuestros usuarios de amenazas ilegales y riesgos para la seguridad de los datos. Esto afecta a los datos de registro y a la utilizaci\u00f3n.<\/span><\/p><p align=\"justify\"><span style=\"color: #1155cc;\">Monitoreo y mejora de nuestra aplicaci\u00f3n y servicios. Base legal: inter\u00e9s leg\u00edtimo que es garantizar que nuestra aplicaci\u00f3n y sistemas est\u00e1n funcionando correctamente y para mejorar nuestra aplicaci\u00f3n para la mejora de la experiencia del cliente. Esto afecta a los datos de registro y a la utilizaci\u00f3n.<\/span><\/p><p align=\"justify\"><span style=\"color: #1155cc;\">Invitaci\u00f3n para participar en las encuestas. Base legal: La base legal es su consentimiento.<\/span><\/p><p align=\"justify\"><span style=\"color: #1155cc;\">Para cumplir con un requisito legal. Fundamento jur\u00eddico: La disposici\u00f3n legal respectiva. Esto afecta a todos los tipos de datos mencionados anteriormente.<\/span><\/p><p align=\"justify\"><span style=\"color: #1155cc;\">Si tiene preguntas o necesita m\u00e1s informaci\u00f3n sobre la base legal sobre la cual utilizamos su informaci\u00f3n personal, p\u00f3ngase en contacto con nosotros utilizando los datos de contacto proporcionados en el ep\u00edgrafe de abajo.<\/span><\/p><p align=\"justify\"><span style=\"color: #1155cc;\"><u><b>\u00bfCon qui\u00e9n compartimos tus datos personales?<\/b><\/u><\/span><\/p><p align=\"justify\"><span style=\"color: #1155cc;\">Revelamos sus datos personales a las siguientes categor\u00edas de destinatarios:<\/span><\/p><p align=\"justify\"><span style=\"color: #1155cc;\">A proveedores de servicios de terceros: Microsoft Azure.<\/span><\/p><p align=\"justify\"><span style=\"color: #1155cc;\">A sus investigadores m\u00e9dicos.<\/span><\/p><p align=\"justify\"><span style=\"color: #1155cc;\">A cualquier \u00f3rgano competente de aplicaci\u00f3n de la ley, regulaci\u00f3n, agencia gubernamental, tribunal u otro tercero donde creamos que la divulgaci\u00f3n es necesaria (a) como cuesti\u00f3n de ley o regulaci\u00f3n aplicable, (b) para ejercer, establecer o defender nuestros derechos legales, o (c) para proteger sus intereses vitales o los de cualquier otra persona.<\/span><\/p><p align=\"justify\"><span style=\"color: #1155cc;\"><u><b>\u00bfC\u00f3mo mantenemos sus datos personales seguros?<\/b><\/u><\/span><\/p><p align=\"justify\"><span style=\"color: #1155cc;\">Utilizamos las medidas t\u00e9cnicas y organizativas adecuadas para proteger los datos personales que recopilamos y procesamos sobre usted. Las medidas que utilizamos est\u00e1n dise\u00f1adas para proporcionar un nivel de seguridad adecuado al riesgo de procesar sus datos personales.<\/span><\/p><p align=\"justify\"><span style=\"color: #1155cc;\"><b>\u00bf<\/b><\/span><span style=\"color: #1155cc;\"><u><b>D\u00f3nde procesamos sus datos personales?<\/b><\/u><\/span><\/p><p align=\"justify\"><span style=\"color: #1155cc;\">Su informaci\u00f3n personal se almacena \u00fanicamente en nuestros servidores ubicados dentro del Espacio Econ\u00f3mico Europeo.<\/span><\/p><p align=\"justify\"><span style=\"color: #1155cc;\"><u><b>Retenci\u00f3n de datos<\/b><\/u><\/span><\/p><p align=\"justify\"><span style=\"color: #1155cc;\">Eliminamos datos personales tan pronto como el prop\u00f3sito del almacenamiento ya no se aplica. S\u00f3lo almacenamos datos personales m\u00e1s all\u00e1 de este punto en el tiempo hasta el punto de que el procesamiento es necesario:<\/span><\/p><p align=\"justify\"><span style=\"color: #1155cc;\">Para el cumplimiento de una obligaci\u00f3n jur\u00eddica que exige la tramitaci\u00f3n por parte de la legislaci\u00f3n de la UE o nacional a la que estamos sujetos, o para el establecimiento, ejercicio o defensa de reclamaciones legales.<\/span><\/p><p align=\"justify\"><span style=\"color: #1155cc;\">Con fines m\u00e9dicos<\/span><\/p><p align=\"justify\"><span style=\"color: #1155cc;\"><u><b>Sus derechos de protecci\u00f3n de datos<\/b><\/u><\/span><\/p><p align=\"justify\"><span style=\"color: #1155cc;\">Tiene los siguientes derechos de protecci\u00f3n de datos:<\/span><\/p><p align=\"justify\"><span style=\"color: #1155cc;\">Si desea acceder, corregir, actualizar o solicitar la eliminaci\u00f3n de su informaci\u00f3n personal, puede hacerlo solicit\u00e1ndolo <\/span><span style=\"color: #1155cc;\"><b> info@cocoapp.es<\/b><\/span><span style=\"color: #1155cc;\"> en cualquier momento.<\/span><\/p><p align=\"justify\"><span style=\"color: #1155cc;\">Si desea obtener de nosotros la confirmaci\u00f3n de si se est\u00e1n procesando o no los datos personales que le conciernen y, en su caso, obtener acceso a los datos personales puede ejercer estos derechos poni\u00e9ndose en contacto con nosotros a trav\u00e9s de correo <\/span><span style=\"color: #1155cc;\"><b> info@cocoapp.es<\/b><\/span><\/p><p align=\"justify\"><span style=\"color: #1155cc;\">Adem\u00e1s, en ciertos casos, puede oponerse al tratamiento de sus datos personales, pedirle que restrinja el tratamiento de sus datos personales o solicite la portabilidad de sus datos personales. Una vez m\u00e1s, usted puede ejercer estos derechos poni\u00e9ndose en contacto con nosotros a trav\u00e9s de correo<\/span><span style=\"color: #1155cc;\"> electr\u00f3nico <\/span><span style=\"color: #1155cc;\"><b>info@cocoapp.es.<\/b><\/span><\/p><p align=\"justify\"><span style=\"color: #1155cc;\">Tiene derecho a darse de baja de las comunicaciones de la encuesta que le enviamos en cualquier momento. Puede ejercer este derecho al darse de baja de la comunicaci\u00f3n con respecto a encuestas a trav\u00e9s de correo<\/span><span style=\"color: #1155cc;\"> electr\u00f3nico <\/span><span style=\"color: #1155cc;\"><b> info@cocoapp.es.<\/b><\/span><\/p><p align=\"justify\"><span style=\"color: #1155cc;\">Del mismo modo, si recopilamos y procesamos sus datos personales con su consentimiento, entonces usted puede retirar su consentimiento en cualquier momento. Retirar su consentimiento no afectar\u00e1 la legalidad de cualquier procesamiento que llevemos a cabo antes de su retiro, ni afectar\u00e1 el procesamiento de su informaci\u00f3n personal realizada en uso de motivos de procesamiento legales distintos al consentimiento. Puedes retirar tu consentimiento comunic\u00e1ndolo al cardi\u00f3logo investigador que lo di\u00f3 de alta o lo tutela o bien trav\u00e9s de correo <\/span><span style=\"color: #1155cc;\"> electr\u00f3nico <\/span><span style=\"color: #1155cc;\"><b> info@cocoapp.es<\/b><\/span><\/p><p align=\"justify\"><span style=\"color: #1155cc;\">Usted tiene derecho a quejarse ante una autoridad de protecci\u00f3n de datos sobre nuestra recopilaci\u00f3n y uso de sus datos personales. Para obtener m\u00e1s informaci\u00f3n, p\u00f3ngase en contacto con su autoridad local de protecci\u00f3n de datos.<\/span><\/p><p align=\"justify\"><span style=\"color: #1155cc;\">Por \u00faltimo, usted tiene derecho a oponerse en cualquier momento al tratamiento de sus datos personales. El uso de la presente APP tiene una finalidad \u00fanicamente m\u00e9dica e investigadora No procesamos sus datos personales y de salud m\u00e1s que con ese fin. A\u00fan y con todo, debe de saber que usted tiene derecho a oponerse a esto en cualquier momento incluso sin exponer razones.<\/span><\/p><p align=\"justify\"><span style=\"color: #1155cc;\"><b>C\u00f3mo contactar con nosotros<\/b><\/span><\/p><p align=\"justify\"><span style=\"color: #1155cc;\"><b>Delegado y Responsable de Protecci\u00f3n de Datos<\/b><\/span><\/p><p align=\"justify\"><span style=\"color: #1155cc;\">Para preguntas sobre el tratamiento de sus datos personales, p\u00f3ngase en contacto directamente con nuestro Delegado o Responsable de protecci\u00f3n de datos <\/span><span style=\"color: #0000ff;\">&#8211;<\/span><span style=\"color: #3c78d8;\">ALARO AVANT S..L. a Avda de Brasil n\u00famero, 17, 7\u00baC, Tetu\u00e1n. 28020-Madrid,que tambi\u00e9n estar\u00e1 disponible para tramitar las solicitudes de informaci\u00f3n, solicitudes o quejas. Se puede contactar al responsable de protecci\u00f3n de datos en <\/span><span style=\"color: #3c78d8;\"><b>contacto@alaroavant.com<\/b><\/span> <span style=\"color: #1155cc;\">o a trav\u00e9s de nuestra direcci\u00f3n de correo: electr\u00f3nico <\/span><span style=\"color: #1155cc;\"><b> info@cocoapp.es<\/b><\/span><\/p><div>\u00a0<\/div><div>\u00a0<\/div><div>\u00a0<\/div><div>\u00a0<\/div>\t\t\t\t\t\t\t\t<\/div>\n\t\t\t\t<\/div>\n\t\t\t\t\t<\/div>\n\t\t\t\t<\/div>\n\t\t\t\t<\/div>\n\t\t\t\t<\/div>\n\t\t","protected":false},"excerpt":{"rendered":"<p>Pol\u00edtica de privacidad Aviso de privacidad para aplicaci\u00f3n de paciente COCOAPP Respetamos su derecho a la privacidad. Este Aviso de Privacidad explica qui\u00e9nes somos, c\u00f3mo recopilamos y procesamos los datos personales sobre usted en relaci\u00f3n con la aplicaci\u00f3n CocoApp (en adelante \u00abApp\u00bb), y c\u00f3mo puede ejercer sus derechos de privacidad. Si tiene alguna pregunta o [&hellip;]<\/p>\n","protected":false},"author":1,"featured_media":0,"parent":0,"menu_order":0,"comment_status":"closed","ping_status":"closed","template":"","meta":{"footnotes":""},"class_list":["post-842","page","type-page","status-publish","hentry"],"_links":{"self":[{"href":"https:\/\/cocoapp.es\/index.php\/wp-json\/wp\/v2\/pages\/842","targetHints":{"allow":["GET"]}}],"collection":[{"href":"https:\/\/cocoapp.es\/index.php\/wp-json\/wp\/v2\/pages"}],"about":[{"href":"https:\/\/cocoapp.es\/index.php\/wp-json\/wp\/v2\/types\/page"}],"author":[{"embeddable":true,"href":"https:\/\/cocoapp.es\/index.php\/wp-json\/wp\/v2\/users\/1"}],"replies":[{"embeddable":true,"href":"https:\/\/cocoapp.es\/index.php\/wp-json\/wp\/v2\/comments?post=842"}],"version-history":[{"count":28,"href":"https:\/\/cocoapp.es\/index.php\/wp-json\/wp\/v2\/pages\/842\/revisions"}],"predecessor-version":[{"id":1162,"href":"https:\/\/cocoapp.es\/index.php\/wp-json\/wp\/v2\/pages\/842\/revisions\/1162"}],"wp:attachment":[{"href":"https:\/\/cocoapp.es\/index.php\/wp-json\/wp\/v2\/media?parent=842"}],"curies":[{"name":"wp","href":"https:\/\/api.w.org\/{rel}","templated":true}]}}